{"id":123,"date":"2020-01-23T21:26:26","date_gmt":"2020-01-23T20:26:26","guid":{"rendered":"https:\/\/hoehlenbaeren.com\/wordpress\/?page_id=123"},"modified":"2024-01-16T23:33:29","modified_gmt":"2024-01-16T22:33:29","slug":"impressum","status":"publish","type":"page","link":"https:\/\/hoehlenbaeren.com\/wordpress\/?page_id=123","title":{"rendered":"Impressum"},"content":{"rendered":"<p>Verein f\u00fcr H\u00f6hlenkunde &#8211; H\u00f6hlenb\u00e4ren<br \/>Vereinsvorstand: Dr. Arne Sieber<br \/>Eichbachgasse 151<br \/>8041 Graz<br \/>\u00d6sterreich<br \/>E-Mail-Adresse: <a href=\"mailto:hoehlenbaeren@gmx.at\">hoehlenbaeren@gmx.at<\/a><br \/>Telefonnummer: +436603484640<br \/>Vereinsnummer: 315220641<br \/>Gerichtsstand: Graz<\/p>\n<p>Verantwortlich f\u00fcr den Inhalt: Dr. Arne Sieber<\/p>\n\n","protected":false},"excerpt":{"rendered":"","protected":false},"author":1,"featured_media":0,"parent":0,"menu_order":7,"comment_status":"closed","ping_status":"closed","template":"","meta":{"footnotes":""},"_links":{"self":[{"href":"https:\/\/hoehlenbaeren.com\/wordpress\/index.php?rest_route=\/wp\/v2\/pages\/123"}],"collection":[{"href":"https:\/\/hoehlenbaeren.com\/wordpress\/index.php?rest_route=\/wp\/v2\/pages"}],"about":[{"href":"https:\/\/hoehlenbaeren.com\/wordpress\/index.php?rest_route=\/wp\/v2\/types\/page"}],"author":[{"embeddable":true,"href":"https:\/\/hoehlenbaeren.com\/wordpress\/index.php?rest_route=\/wp\/v2\/users\/1"}],"replies":[{"embeddable":true,"href":"https:\/\/hoehlenbaeren.com\/wordpress\/index.php?rest_route=%2Fwp%2Fv2%2Fcomments&post=123"}],"version-history":[{"count":1,"href":"https:\/\/hoehlenbaeren.com\/wordpress\/index.php?rest_route=\/wp\/v2\/pages\/123\/revisions"}],"predecessor-version":[{"id":227,"href":"https:\/\/hoehlenbaeren.com\/wordpress\/index.php?rest_route=\/wp\/v2\/pages\/123\/revisions\/227"}],"wp:attachment":[{"href":"https:\/\/hoehlenbaeren.com\/wordpress\/index.php?rest_route=%2Fwp%2Fv2%2Fmedia&parent=123"}],"curies":[{"name":"wp","href":"https:\/\/api.w.org\/{rel}","templated":true}]}}