{"id":82,"date":"2020-01-19T22:56:55","date_gmt":"2020-01-19T21:56:55","guid":{"rendered":"https:\/\/hoehlenbaeren.com\/wordpress\/?page_id=82"},"modified":"2024-01-16T23:31:08","modified_gmt":"2024-01-16T22:31:08","slug":"mitglied-werden","status":"publish","type":"page","link":"https:\/\/hoehlenbaeren.com\/wordpress\/?page_id=82","title":{"rendered":"Mitglied werden"},"content":{"rendered":"\n<p>Der Mitgliedsbeitrag betr\u00e4gt 45\u20ac pro Jahr. <br>Der erm\u00e4\u00dfigte Tarif f\u00fcr Studenten\/Sch\u00fcler etc. betr\u00e4gt 35\u20ac pro Jahr.<br>Die Anschlussmitgliedschaft betr\u00e4gt 15\u20ac pro Anschlussmitglied.<\/p>\n\n\n\n<p>Bei Eintritt ab dem 2. Halbjahr wird der halbe Preis verrechnet.<\/p>\n\n\n\n<p><\/p>\n\n\n\n<div role=\"form\" class=\"wpcf7\" id=\"wpcf7-f87-o1\" lang=\"de-DE\" dir=\"ltr\">\n<div class=\"screen-reader-response\"><p role=\"status\" aria-live=\"polite\" aria-atomic=\"true\"><\/p> <ul><\/ul><\/div>\n<form action=\"\/wordpress\/index.php?rest_route=%2Fwp%2Fv2%2Fpages%2F82#wpcf7-f87-o1\" method=\"post\" class=\"wpcf7-form init\" novalidate=\"novalidate\" data-status=\"init\">\n<div style=\"display: none;\">\n<input type=\"hidden\" name=\"_wpcf7\" value=\"87\" \/>\n<input type=\"hidden\" name=\"_wpcf7_version\" value=\"5.4.2\" \/>\n<input type=\"hidden\" name=\"_wpcf7_locale\" value=\"de_DE\" \/>\n<input type=\"hidden\" name=\"_wpcf7_unit_tag\" value=\"wpcf7-f87-o1\" \/>\n<input type=\"hidden\" name=\"_wpcf7_container_post\" value=\"0\" \/>\n<input type=\"hidden\" name=\"_wpcf7_posted_data_hash\" value=\"\" \/>\n<\/div>\n<p>*<label> Name<br \/>\n    <span class=\"wpcf7-form-control-wrap your-name\"><input type=\"text\" name=\"your-name\" value=\"\" size=\"40\" class=\"wpcf7-form-control wpcf7-text wpcf7-validates-as-required\" aria-required=\"true\" aria-invalid=\"false\" \/><\/span> <\/label><\/p>\n<p>*<label> Geburtsdatum<br \/>\n    <span class=\"wpcf7-form-control-wrap date-368\"><input type=\"date\" name=\"date-368\" value=\"\" class=\"wpcf7-form-control wpcf7-date wpcf7-validates-as-required wpcf7-validates-as-date\" aria-required=\"true\" aria-invalid=\"false\" \/><\/span> <\/label><\/p>\n<p>*<label> Telefonnummer<br \/>\n    <span class=\"wpcf7-form-control-wrap tel-337\"><input type=\"tel\" name=\"tel-337\" value=\"\" size=\"40\" class=\"wpcf7-form-control wpcf7-text wpcf7-tel wpcf7-validates-as-required wpcf7-validates-as-tel\" aria-required=\"true\" aria-invalid=\"false\" \/><\/span><\/label><\/p>\n<p>*<label> Adresse<br \/>\n    <span class=\"wpcf7-form-control-wrap your-adress\"><input type=\"text\" name=\"your-adress\" value=\"\" size=\"40\" class=\"wpcf7-form-control wpcf7-text wpcf7-validates-as-required\" aria-required=\"true\" aria-invalid=\"false\" \/><\/span> <\/label><\/p>\n<p>*<label> Postleitzahl<br \/>\n    <span class=\"wpcf7-form-control-wrap your-plz\"><input type=\"text\" name=\"your-plz\" value=\"\" size=\"40\" class=\"wpcf7-form-control wpcf7-text wpcf7-validates-as-required\" aria-required=\"true\" aria-invalid=\"false\" \/><\/span> <\/label><\/p>\n<p>*<label> Stadt<br \/>\n    <span class=\"wpcf7-form-control-wrap your-city\"><input type=\"text\" name=\"your-city\" value=\"\" size=\"40\" class=\"wpcf7-form-control wpcf7-text wpcf7-validates-as-required\" aria-required=\"true\" aria-invalid=\"false\" \/><\/span> <\/label><\/p>\n<p>*<label> E-Mail-Adresse<br \/>\n     <span class=\"wpcf7-form-control-wrap your-email\"><input type=\"email\" name=\"your-email\" value=\"\" size=\"40\" class=\"wpcf7-form-control wpcf7-text wpcf7-email wpcf7-validates-as-required wpcf7-validates-as-email\" aria-required=\"true\" aria-invalid=\"false\" \/><\/span> <\/label>\n<p>Anschlussmitgliedschaften:<br \/>\n<label> Name<br \/>\n    <span class=\"wpcf7-form-control-wrap text-777\"><input type=\"text\" name=\"text-777\" value=\"\" size=\"40\" class=\"wpcf7-form-control wpcf7-text\" aria-invalid=\"false\" \/><\/span> <\/label><br \/>\n<label> Geburtsdatum<br \/>\n    <span class=\"wpcf7-form-control-wrap date-749\"><input type=\"date\" name=\"date-749\" value=\"\" class=\"wpcf7-form-control wpcf7-date wpcf7-validates-as-date\" aria-invalid=\"false\" \/><\/span> <\/label>\n<p><label> Name<br \/>\n    <span class=\"wpcf7-form-control-wrap text-778\"><input type=\"text\" name=\"text-778\" value=\"\" size=\"40\" class=\"wpcf7-form-control wpcf7-text\" aria-invalid=\"false\" \/><\/span> <\/label><br \/>\n<label> Geburtsdatum<br \/>\n    <span class=\"wpcf7-form-control-wrap date-750\"><input type=\"date\" name=\"date-750\" value=\"\" class=\"wpcf7-form-control wpcf7-date wpcf7-validates-as-date\" aria-invalid=\"false\" \/><\/span> <\/label><\/p>\n<p><label> Name<br \/>\n    <span class=\"wpcf7-form-control-wrap text-779\"><input type=\"text\" name=\"text-779\" value=\"\" size=\"40\" class=\"wpcf7-form-control wpcf7-text\" aria-invalid=\"false\" \/><\/span> <\/label><br \/>\n<label> Geburtsdatum<br \/>\n    <span class=\"wpcf7-form-control-wrap date-751\"><input type=\"date\" name=\"date-751\" value=\"\" class=\"wpcf7-form-control wpcf7-date wpcf7-validates-as-date\" aria-invalid=\"false\" \/><\/span> <\/label><\/p>\n<p><label> Kommentar<br \/>\n    <span class=\"wpcf7-form-control-wrap your-message\"><textarea name=\"your-message\" cols=\"40\" rows=\"10\" class=\"wpcf7-form-control wpcf7-textarea\" aria-invalid=\"false\"><\/textarea><\/span> <\/label><\/p>\n<p><span class=\"wpcf7-form-control-wrap acceptance-720\"><span class=\"wpcf7-form-control wpcf7-acceptance\"><span class=\"wpcf7-list-item\"><label><input type=\"checkbox\" name=\"acceptance-720\" value=\"1\" aria-invalid=\"false\" \/><span class=\"wpcf7-list-item-label\">* Ihre pers\u00f6nlichen Daten: Name, Geburtsdatum, Adresse, E\u2010Mail und Telefonnummer werden von uns zur Information \u00fcber die Vereinst\u00e4tigkeit, und \u00fcber Angebote des Vereins, f\u00fcr die Planung und Durchf\u00fchrung von gemeinsamen Unternehmungen sowie f\u00fcr den Versand der Mitgliedskarte verarbeitet.\nMit dem Beitritt zum Verein f\u00fcr H\u00f6hlenkunde H\u00f6hlenb\u00e4ren Graz ist die Weitergabe der genannten Daten an den Landesverband f\u00fcr H\u00f6hlenkunde verbunden. Dies geschieht zum Zweck der Ausstellung der Mitgliedskarten sowie f\u00fcr die Anmeldung bei der kollektiven Unfallversicherung. Eine Weitergabe an Dritte erfolgt dar\u00fcber hinaus nicht.\nDie Rechtsgrundlagen f\u00fcr die Verarbeitung der Daten sind die Einwilligung der betroffenen Person gem\u00e4\u00df Art 6 Abs 1 lit a DSGVO und die Erf\u00fcllung eines Vertrags gem\u00e4\u00df Art 6 Abs 1 lit b DSGVO. Die oben genannten Daten werden bis zum Wegfall der Rechtsgrundlage gespeichert. Diese Einwilligung kann schriftlich unter der obigen Adresse oder E\u2010Mail\u2010Adresse widerrufen werden (Art.7 Abs.3 DSGVO). Auf das Auskunftsrecht (Art.15 DSGVO), Berichtigungsrecht (Art.16 DSGVO) und L\u00f6schungsrecht (Art.17 DSGVO) sowie das Recht auf Einschr\u00e4nkung der Verarbeitung (Art.18 DSGVO) und das Recht auf Daten\u00fcbertragbarkeit (Art.20 DSGVO) sowie das Beschwerderecht an die \u00f6sterreichische Datenschutzbeh\u00f6rde bzw. die nationale Aufsichtsbeh\u00f6rde Ihres Aufenthaltsstaates nach der Datenschutz\u2010Grundverordnung (Art 77 DSGVO) wird hingewiesen. Eine deutschsprachige Fassung der DSGVO finden Sie zu Ihrer Kenntnisnahme unter folgendem Link: https:\/\/www.dsb.gv.at\/gesetze-in-osterreich\nSie k\u00f6nnen dar\u00fcber hinaus jederzeit ohne Angabe von Gr\u00fcnden von Ihrem Widerspruchsrecht Gebrauch machen und die erteilte Einwilligungserkl\u00e4rung mit Wirkung f\u00fcr die Zukunft ab\u00e4ndern oder g\u00e4nzlich widerrufen. Sie k\u00f6nnen den Widerruf entweder postalisch, per E-Mail oder per Fax \u00fcbermitteln. \nSie k\u00f6nnen Ihre Einwilligung jederzeit per email oder Post widerrufen.<\/span><\/label><\/span><\/span><\/span><\/p>\n<p><span class=\"wpcf7-form-control-wrap acceptance-721\"><span class=\"wpcf7-form-control wpcf7-acceptance optional\"><span class=\"wpcf7-list-item\"><label><input type=\"checkbox\" name=\"acceptance-721\" value=\"1\" aria-invalid=\"false\" \/><span class=\"wpcf7-list-item-label\">Ich erkl\u00e4re mich damit einverstanden, dass Fotos und\/oder Videomaterialien ver\u00f6ffentlicht werden, die bei T\u00e4tigkeiten des Vereins f\u00fcr H\u00f6hlenkunde H\u00f6hlenb\u00e4ren Graz und\/oder bei Touren in H\u00f6hlen entstanden sind und auf denen m\u00f6glicherweise<\/span><\/label><\/span><\/span><\/span><\/p>\n<p>              <span class=\"wpcf7-form-control-wrap acceptance-722\"><span class=\"wpcf7-form-control wpcf7-acceptance optional\"><span class=\"wpcf7-list-item\"><label><input type=\"checkbox\" name=\"acceptance-722\" value=\"1\" aria-invalid=\"false\" \/><span class=\"wpcf7-list-item-label\">ich selbst zu sehen bin<\/span><\/label><\/span><\/span><\/span><br \/>\n              <span class=\"wpcf7-form-control-wrap acceptance-723\"><span class=\"wpcf7-form-control wpcf7-acceptance optional\"><span class=\"wpcf7-list-item\"><label><input type=\"checkbox\" name=\"acceptance-723\" value=\"1\" aria-invalid=\"false\" \/><span class=\"wpcf7-list-item-label\">mein Sohn bzw. meine Tochter<\/span><\/label><\/span><\/span><\/span><span class=\"wpcf7-form-control-wrap text-928\"><input type=\"text\" name=\"text-928\" value=\"\" size=\"40\" class=\"wpcf7-form-control wpcf7-text\" aria-invalid=\"false\" \/><\/span> zu sehen ist,<br \/>\n              Zutreffendes bitte ankreuzen!<\/p>\n<p>Ich stimme zu, dass die Fotos bzw. Videos in folgenden Online- und\/oder Printmedien ver\u00f6ffentlicht werden:<br \/>\n<span class=\"wpcf7-form-control-wrap acceptance-724\"><span class=\"wpcf7-form-control wpcf7-acceptance optional\"><span class=\"wpcf7-list-item\"><label><input type=\"checkbox\" name=\"acceptance-724\" value=\"1\" aria-invalid=\"false\" \/><span class=\"wpcf7-list-item-label\">in Publikationen (sowohl online als auch in Druckform), die im Rahmen der T\u00e4tigkeiten entstanden sind z. B. Forschungsberichte, wissenschaftliche Publikationen<\/span><\/label><\/span><\/span><\/span><br \/>\n<span class=\"wpcf7-form-control-wrap acceptance-725\"><span class=\"wpcf7-form-control wpcf7-acceptance optional\"><span class=\"wpcf7-list-item\"><label><input type=\"checkbox\" name=\"acceptance-725\" value=\"1\" aria-invalid=\"false\" \/><span class=\"wpcf7-list-item-label\">auf der Homepage und im Forum des Vereins f\u00fcr H\u00f6hlenkunde H\u00f6hlenb\u00e4ren Graz<\/span><\/label><\/span><\/span><\/span><br \/>\n<span class=\"wpcf7-form-control-wrap acceptance-726\"><span class=\"wpcf7-form-control wpcf7-acceptance optional\"><span class=\"wpcf7-list-item\"><label><input type=\"checkbox\" name=\"acceptance-726\" value=\"1\" aria-invalid=\"false\" \/><span class=\"wpcf7-list-item-label\">in Social Media des Vereins f\u00fcr H\u00f6hlenkunde H\u00f6hlenb\u00e4ren Graz, wie beispielsweise Facebook.<\/span><\/label><\/span><\/span><\/span>\n<p><span id=\"wpcf7-69f71ed5df6bd-wrapper\" class=\"wpcf7-form-control-wrap honeypot-557-wrap\" style=\"display:none !important; visibility:hidden !important;\"><label for=\"PoohCavebear\" class=\"hp-message\">Bitte lasse dieses Feld leer.<\/label><input id=\"PoohCavebear\"  class=\"wpcf7-form-control wpcf7-text\" type=\"text\" name=\"honeypot-557\" value=\"\" size=\"40\" tabindex=\"-1\" autocomplete=\"new-password\" \/><\/span><\/p>\n<p>Es werden keine Portraits oder Bilder verbunden mit personenbezogenen Daten ver\u00f6ffentlicht.<\/p>\n<p>Ich kann diese Erkl\u00e4rung jederzeit schriftlich widerrufen. Dieser Widerruf gilt f\u00fcr alle zuk\u00fcnftigen Ver\u00f6ffentlichungen, nicht jedoch f\u00fcr bereits erfolgte Publikationen.<\/p>\n<p>Die Mitgliedschaft, sowie der Versicherungsschutz beginnt nach Einlangen des Mitgliedsbeitrags auf dem Vereinskonto.<br \/>\nKonto lautend auf H\u00f6hlenb\u00e4ren<br \/>\nIBAN: AT033834700000007385<\/p>\n<p><input type=\"submit\" value=\"Senden\" class=\"wpcf7-form-control wpcf7-submit\" \/><\/p>\n<div class=\"wpcf7-response-output\" aria-hidden=\"true\"><\/div><\/form><\/div>\n","protected":false},"excerpt":{"rendered":"<p>Der Mitgliedsbeitrag betr\u00e4gt 45\u20ac pro Jahr. Der erm\u00e4\u00dfigte Tarif f\u00fcr Studenten\/Sch\u00fcler etc. betr\u00e4gt 35\u20ac pro Jahr.Die Anschlussmitgliedschaft betr\u00e4gt 15\u20ac pro Anschlussmitglied. Bei Eintritt ab dem 2. Halbjahr wird der halbe Preis verrechnet.<\/p>\n","protected":false},"author":1,"featured_media":0,"parent":0,"menu_order":3,"comment_status":"closed","ping_status":"closed","template":"","meta":{"footnotes":""},"_links":{"self":[{"href":"https:\/\/hoehlenbaeren.com\/wordpress\/index.php?rest_route=\/wp\/v2\/pages\/82"}],"collection":[{"href":"https:\/\/hoehlenbaeren.com\/wordpress\/index.php?rest_route=\/wp\/v2\/pages"}],"about":[{"href":"https:\/\/hoehlenbaeren.com\/wordpress\/index.php?rest_route=\/wp\/v2\/types\/page"}],"author":[{"embeddable":true,"href":"https:\/\/hoehlenbaeren.com\/wordpress\/index.php?rest_route=\/wp\/v2\/users\/1"}],"replies":[{"embeddable":true,"href":"https:\/\/hoehlenbaeren.com\/wordpress\/index.php?rest_route=%2Fwp%2Fv2%2Fcomments&post=82"}],"version-history":[{"count":11,"href":"https:\/\/hoehlenbaeren.com\/wordpress\/index.php?rest_route=\/wp\/v2\/pages\/82\/revisions"}],"predecessor-version":[{"id":226,"href":"https:\/\/hoehlenbaeren.com\/wordpress\/index.php?rest_route=\/wp\/v2\/pages\/82\/revisions\/226"}],"wp:attachment":[{"href":"https:\/\/hoehlenbaeren.com\/wordpress\/index.php?rest_route=%2Fwp%2Fv2%2Fmedia&parent=82"}],"curies":[{"name":"wp","href":"https:\/\/api.w.org\/{rel}","templated":true}]}}