{"id":84,"date":"2020-01-19T23:01:51","date_gmt":"2020-01-19T22:01:51","guid":{"rendered":"https:\/\/hoehlenbaeren.com\/wordpress\/?page_id=84"},"modified":"2024-01-16T23:31:32","modified_gmt":"2024-01-16T22:31:32","slug":"links","status":"publish","type":"page","link":"https:\/\/hoehlenbaeren.com\/wordpress\/?page_id=84","title":{"rendered":"Links"},"content":{"rendered":"\n<p class=\"has-medium-font-size\"> <strong>Vereine:<\/strong><\/p>\n\n\n\n<p> <a href=\"https:\/\/hoehle.org\/\">Verband \u00f6sterreichischer H\u00f6hlenforscher<\/a> <\/p>\n\n\n\n<p><a href=\"http:\/\/www.lvhstmk.at\">Landesverein f\u00fcr H\u00f6hlenkunde in der Steiermark<\/a><\/p>\n\n\n\n<p><a href=\"http:\/\/www.cave.at\/\">Landesverein f\u00fcr H\u00f6hlenkunde Wien und Nieder\u00f6sterreich<\/a> <\/p>\n\n\n\n<p><a href=\"http:\/\/www.hoehlenforschung.at\/\">Landesverein f\u00fcr H\u00f6hlenkunde in Ober\u00f6sterreich<\/a> <\/p>\n\n\n\n<p><a href=\"http:\/\/www.hoehlenverein-salzburg.at\/\">Landesverein f\u00fcr H\u00f6hlenkunde Salzburg<\/a> <\/p>\n\n\n\n<p><a href=\"http:\/\/www.hoehle.at\/\">Verein f\u00fcr H\u00f6hlenkunde in Obersteier<\/a> <\/p>\n\n\n\n<p><a href=\"https:\/\/www.facebook.com\/hoehlenverein.fledermaus\/\">Eisenerzer H\u00f6hlenverein Fledermaus<\/a> <\/p>\n\n\n\n<p> <\/p>\n\n\n\n<p class=\"has-medium-font-size\"><strong>H\u00f6hlenrettung:<\/strong><\/p>\n\n\n\n<p><a href=\"http:\/\/oehr.at\">Bundesverband der \u00f6sterreichischen H\u00f6hlenrettung<\/a> <\/p>\n\n\n\n<p><a href=\"http:\/\/hoehlenrettung.org\">Steirischer Landesverband f\u00fcr H\u00f6hlenrettung<\/a> <\/p>\n\n\n\n<p><\/p>\n\n\n\n<p class=\"has-medium-font-size\"><strong>H\u00f6hlendokumentation:<\/strong><br><\/p>\n\n\n\n<p>Desktop:<\/p>\n\n\n\n<p><a href=\"http:\/\/therion.speleo.sk\">Therion<\/a> <\/p>\n\n\n\n<p> <a href=\"https:\/\/paperless.bheeb.ch\/\">paperless survey<\/a> <\/p>\n\n\n\n<p>Mobile:<\/p>\n\n\n\n<p><a href=\"https:\/\/play.google.com\/store\/apps\/details?id=com.topodroid.DistoX&amp;hl=de_AT\">TopoDroid<\/a><\/p>\n\n\n\n<p><a href=\"https:\/\/play.google.com\/store\/apps\/details?id=com.topodroid.Cave3D&amp;hl=de_AT\">Cave3D<\/a><\/p>\n\n\n\n<p><\/p>\n\n\n\n<p class=\"has-medium-font-size\"><strong>Partnerfirmen:<\/strong><\/p>\n\n\n\n<p><a href=\"http:\/\/www.speleo-concepts.com\/\"><img loading=\"lazy\" decoding=\"async\" width=\"396\" height=\"127\" class=\"wp-image-164\" style=\"width: 300px;\" src=\"https:\/\/hoehlenbaeren.com\/wordpress\/wp-content\/uploads\/2020\/02\/speleo-logo.jpg\" alt=\"\" srcset=\"https:\/\/hoehlenbaeren.com\/wordpress\/wp-content\/uploads\/2020\/02\/speleo-logo.jpg 396w, https:\/\/hoehlenbaeren.com\/wordpress\/wp-content\/uploads\/2020\/02\/speleo-logo-300x96.jpg 300w\" sizes=\"(max-width: 396px) 85vw, 396px\" \/><\/a><\/p>\n\n\n\n<p><a href=\"https:\/\/griehser.at\/\"><img loading=\"lazy\" decoding=\"async\" width=\"300\" height=\"138\" class=\"wp-image-148\" style=\"width: 300px;\" src=\"https:\/\/hoehlenbaeren.com\/wordpress\/wp-content\/uploads\/2020\/01\/griehser-industrieklettern-graz-300x138-1.png\" alt=\"\"><\/a><\/p>\n\n\n\n<p><\/p>\n\n\n\n<p><\/p>\n","protected":false},"excerpt":{"rendered":"<p>Vereine: Verband \u00f6sterreichischer H\u00f6hlenforscher Landesverein f\u00fcr H\u00f6hlenkunde in der Steiermark Landesverein f\u00fcr H\u00f6hlenkunde Wien und Nieder\u00f6sterreich Landesverein f\u00fcr H\u00f6hlenkunde in Ober\u00f6sterreich Landesverein f\u00fcr H\u00f6hlenkunde Salzburg Verein f\u00fcr H\u00f6hlenkunde in Obersteier Eisenerzer H\u00f6hlenverein Fledermaus H\u00f6hlenrettung: Bundesverband der \u00f6sterreichischen H\u00f6hlenrettung Steirischer Landesverband f\u00fcr H\u00f6hlenrettung H\u00f6hlendokumentation: Desktop: Therion paperless survey Mobile: TopoDroid Cave3D Partnerfirmen:<\/p>\n","protected":false},"author":1,"featured_media":0,"parent":0,"menu_order":4,"comment_status":"closed","ping_status":"closed","template":"","meta":{"footnotes":""},"_links":{"self":[{"href":"https:\/\/hoehlenbaeren.com\/wordpress\/index.php?rest_route=\/wp\/v2\/pages\/84"}],"collection":[{"href":"https:\/\/hoehlenbaeren.com\/wordpress\/index.php?rest_route=\/wp\/v2\/pages"}],"about":[{"href":"https:\/\/hoehlenbaeren.com\/wordpress\/index.php?rest_route=\/wp\/v2\/types\/page"}],"author":[{"embeddable":true,"href":"https:\/\/hoehlenbaeren.com\/wordpress\/index.php?rest_route=\/wp\/v2\/users\/1"}],"replies":[{"embeddable":true,"href":"https:\/\/hoehlenbaeren.com\/wordpress\/index.php?rest_route=%2Fwp%2Fv2%2Fcomments&post=84"}],"version-history":[{"count":18,"href":"https:\/\/hoehlenbaeren.com\/wordpress\/index.php?rest_route=\/wp\/v2\/pages\/84\/revisions"}],"predecessor-version":[{"id":170,"href":"https:\/\/hoehlenbaeren.com\/wordpress\/index.php?rest_route=\/wp\/v2\/pages\/84\/revisions\/170"}],"wp:attachment":[{"href":"https:\/\/hoehlenbaeren.com\/wordpress\/index.php?rest_route=%2Fwp%2Fv2%2Fmedia&parent=84"}],"curies":[{"name":"wp","href":"https:\/\/api.w.org\/{rel}","templated":true}]}}